{"id":87,"date":"2025-06-25T11:42:20","date_gmt":"2025-06-25T09:42:20","guid":{"rendered":"https:\/\/energiagdg.com\/?page_id=87"},"modified":"2025-07-03T14:58:17","modified_gmt":"2025-07-03T12:58:17","slug":"cookie-richtlinie","status":"publish","type":"page","link":"https:\/\/energiagdg.com\/de\/politica-de-cookies\/","title":{"rendered":"Cookie-Richtlinie"},"content":{"rendered":"<p><strong>Was sind Cookies?<\/strong><\/p>\n\n\n\n<p>Cookies sind kleine Datendateien, die von der besuchten Website auf Ihr Ger\u00e4t \u00fcbertragen werden. Sie dienen dazu, bestimmte Browserinteraktionen auf einer Website aufzuzeichnen und Daten zu speichern, die aktualisiert und abgerufen werden k\u00f6nnen. Diese Dateien werden auf dem Computer des Benutzers gespeichert und enthalten anonyme Daten, die f\u00fcr Ihr Ger\u00e4t unsch\u00e4dlich sind. Sie dienen dazu, Benutzereinstellungen wie die gew\u00e4hlte Sprache, Anmeldeinformationen oder Seitenanpassungen zu speichern.<\/p>\n\n\n\n<p>Cookies k\u00f6nnen auch verwendet werden, um anonyme Informationen dar\u00fcber aufzuzeichnen, wie ein Besucher die Website nutzt. Beispielsweise, von welcher Webseite aus er auf die Website zugegriffen hat oder ob er \u00fcber ein Werbebanner auf die Website gelangt ist.<\/p>\n\n\n\n<p><strong>Warum verwendet diese Website Cookies?<\/strong><\/p>\n\n\n\n<p>Diese Website verwendet Cookies, die f\u00fcr die Nutzung unserer Websites unbedingt erforderlich sind und Ihnen die freie Navigation, die Nutzung sicherer Bereiche, die Konfiguration personalisierter Optionen usw. erm\u00f6glichen. Dar\u00fcber hinaus werden Cookies verwendet, die Daten zur Analyse der Website-Nutzung sammeln. Diese Cookies dienen dazu, den Service f\u00fcr den Benutzer zu verbessern, die Nutzung und Leistung der Seite zu messen und sie zu optimieren und zu personalisieren.<\/p>\n\n\n\n<p>Unsere Websites k\u00f6nnen auch Links zu sozialen Medien (wie Facebook oder Twitter) enthalten. DIESE WEBSITE kontrolliert nicht die von diesen Websites Dritter verwendeten Cookies. F\u00fcr weitere Informationen zu Cookies in sozialen Medien oder auf anderen Websites Dritter empfehlen wir Ihnen, deren eigene Cookie-Richtlinien zu lesen.<\/p>\n\n\n\n<p><strong>Welchen Nutzen haben die verschiedenen Arten von Cookies?<\/strong><\/p>\n\n\n\n<p><strong>Entsprechend seinem Zweck:<\/strong><\/p>\n\n\n\n<p>Technische Cookies<\/p>\n\n\n\n<p>Cookies sind wesentliche und unbedingt notwendige Techniken f\u00fcr das ordnungsgem\u00e4\u00dfe Funktionieren eines Webportals und die Nutzung der verschiedenen Optionen und Dienste, die es bietet.<\/p>\n\n\n\n<p><br>Beispiele hierf\u00fcr sind Cookies, die zur Sitzungswartung, zum Antwortzeitmanagement, zur Leistungs- oder Optionsvalidierung, zur Verwendung von Sicherheitselementen, zum Teilen von Inhalten mit sozialen Netzwerken usw. verwendet werden.<\/p>\n\n\n\n<p>Personalisierungs-Cookies<\/p>\n\n\n\n<p>Diese Cookies erm\u00f6glichen es dem Benutzer, einige Funktionen der allgemeinen Einstellungen der Website festzulegen oder anzupassen. Beispielsweise die Definition der Sprache, der regionalen Einstellungen oder des Browsertyps.<\/p>\n\n\n\n<p>Cookies analytisch<\/p>\n\n\n\n<p>Unsere Webportale verwenden analytische Cookies, um Browserprofile zu erstellen und Benutzerpr\u00e4ferenzen zu verstehen, um unser Produkt- und Serviceangebot zu verbessern.<\/p>\n\n\n\n<p>Ein analytischer Cookie w\u00fcrde beispielsweise \u00fcberwachen, f\u00fcr welche geografischen Gebiete sich ein Benutzer am meisten interessiert, welches Produkt am beliebtesten ist usw.<\/p>\n\n\n\n<p>Werbe-Cookies<\/p>\n\n\n\n<p>Werbe-Cookies erm\u00f6glichen die Verwaltung von Werbefl\u00e4chen nach bestimmten Kriterien. Beispielsweise Zugriffsh\u00e4ufigkeit, bearbeitete Inhalte usw.<\/p>\n\n\n\n<p>Werbe-Cookies erm\u00f6glichen durch das Werbemanagement die Speicherung von Verhaltensinformationen durch Beobachtung von Gewohnheiten, Analyse des Zugriffs und Erstellung eines Benutzerpr\u00e4ferenzprofils, um Werbung anzubieten, die auf die Interessen des Benutzers abgestimmt ist.<\/p>\n\n\n\n<p><strong>Nach Fristablauf:<\/strong><\/p>\n\n\n\n<p>Sitzungscookies<\/p>\n\n\n\n<p>Sitzungscookies sind Cookies, die so lange bestehen bleiben, wie der Benutzer auf der Website surft, und gel\u00f6scht werden, wenn er mit dem Surfen fertig ist.<\/p>\n\n\n\n<p>Dauerhafte Cookies<\/p>\n\n\n\n<p>Diese Cookies bleiben f\u00fcr einen l\u00e4ngeren Zeitraum auf dem Ger\u00e4t des Benutzers gespeichert und erleichtern so die Kontrolle der gew\u00e4hlten Einstellungen, ohne dass bestimmte Parameter bei jedem Besuch der Website wiederholt werden m\u00fcssen.<\/p>\n\n\n\n<p><strong>Was passiert, wenn ich diese Cookies nicht m\u00f6chte oder nichts tue?<\/strong><\/p>\n\n\n\n<p>Um den geltenden Gesetzen zu entsprechen, m\u00fcssen wir Sie um Ihre Zustimmung zur Verwendung von Cookies bitten. Wenn Sie der Verarbeitung Ihrer Daten widersprechen, verwenden wir ausschlie\u00dflich technische Cookies, da diese f\u00fcr die Nutzung unserer Website unerl\u00e4sslich sind. In diesem Fall speichern wir keine Cookies. Wenn Sie weiterhin auf unserer Website surfen, ohne Ihre Zustimmung zu verweigern, akzeptieren Sie deren Verwendung.<\/p>\n\n\n\n<p>Bitte beachten Sie: Wenn Sie beim Surfen auf der Website Cookies ablehnen oder l\u00f6schen, k\u00f6nnen wir Ihre Pr\u00e4ferenzen nicht beibehalten, einige Funktionen der Seiten funktionieren nicht, wir k\u00f6nnen Ihnen keine personalisierten Dienste anbieten und bei jedem Surfen auf unserer Website m\u00fcssen wir Sie erneut um Ihre Genehmigung zur Verwendung von Cookies bitten.<\/p>\n\n\n\n<p>Wenn Sie sich jedoch dazu entschlie\u00dfen, Ihre Einstellungen f\u00fcr den Zugriff auf die Website zu \u00e4ndern, sollten Sie wissen, dass Sie Cookies jederzeit l\u00f6schen oder die Aufzeichnung dieser Informationen auf Ihrem Computer verhindern k\u00f6nnen, indem Sie Ihre Browsereinstellungen \u00e4ndern:<\/p>\n\n\n\n<ul class=\"wp-block-list\">\n<li><a href=\"https:\/\/windows.microsoft.com\/es-es\/windows-vista\/block-or-allow-cookies\" rel=\"noopener\">Konfiguration von <em>Kekse<\/em> vom Internet Explorer<\/a><\/li>\n\n\n\n<li><a href=\"https:\/\/support.mozilla.org\/ca\/kb\/enable-and-disable-cookies-website-preferences\" rel=\"noopener\">Konfiguration von <em>Kekse<\/em> von Firefox<\/a><\/li>\n\n\n\n<li><a href=\"https:\/\/support.google.com\/chrome\/answer\/95647?hl=ca\" rel=\"noopener\">Konfiguration von <em>Kekse<\/em> von Google Chrome<\/a><\/li>\n\n\n\n<li><a href=\"https:\/\/support.apple.com\/kb\/HT1677?viewlocale=es_ES&amp;locale=es_ES\" rel=\"noopener\">Konfiguration von <em>Kekse<\/em> von Safari<\/a><\/li>\n<\/ul>\n\n\n\n<p>Diese Browser unterliegen Aktualisierungen und \u00c4nderungen. Daher k\u00f6nnen wir nicht garantieren, dass sie Ihre Browserversion vollst\u00e4ndig unterst\u00fctzen. M\u00f6glicherweise verwenden Sie auch einen Browser, der in diesen Links nicht aufgef\u00fchrt ist, wie z. B. Konqueror, Arora, Flock usw.<\/p>\n\n\n\n<p>Um diese Probleme zu vermeiden, k\u00f6nnen Sie direkt \u00fcber die Optionen Ihres Browsers darauf zugreifen. Diese finden Sie normalerweise im Abschnitt \u201eDatenschutz\u201c des Men\u00fcs \u201eOptionen\u201c. (Weitere Informationen finden Sie in der Hilfe Ihres Browsers.)<\/p>\n\n\n\n<p><strong>Werden die in Cookies gesammelten Daten auch auf anderen Websites als DIESER WEBSITE verwendet?<\/strong><\/p>\n\n\n\n<p>Einige unserer Cookies werden verwendet, um Werbung in Netzwerken Dritter zu generieren oder Analysen durchzuf\u00fchren. Hierf\u00fcr nutzen wir externe Tools dieser Website. Die verwendeten Cookies sind ausschlie\u00dflich f\u00fcr die Bank und ihre Unternehmensgruppe bestimmt und werden von dieser unter keinen Umst\u00e4nden vermarktet.<\/p>\n\n\n\n<p>Auf dieser Website arbeiten wir mit vertrauensw\u00fcrdigen Anbietern zusammen, die uns bei der Verwaltung und Anpassung unserer Webseiten unterst\u00fctzen.<\/p>\n\n\n\n<p><strong>Was bedeuten die obigen Informationen?<\/strong><\/p>\n\n\n\n<p>Indem Sie unsere Cookies akzeptieren, erm\u00f6glichen Sie uns, die Websites auf DIESER WEBSITE zu verbessern, um Ihnen einen optimalen Zugriff zu bieten und Ihnen einen effizienteren und pers\u00f6nlicheren Service zu bieten.<\/p>\n\n\n\n<p>Dar\u00fcber hinaus k\u00f6nnen Sie Ihren Browser so konfigurieren, dass er nur vertrauensw\u00fcrdigen Websites oder Seiten, die Sie gerade besuchen, die Verwaltung von Cookies erlaubt, wobei Sie Ihre Einstellungen ausw\u00e4hlen k\u00f6nnen.<\/p>\n\n\n\n<p>Mit dieser Richtlinie unterstreicht DIESE WEBSITE ihr Engagement f\u00fcr die aktuelle Gesetzgebung zur Verwendung von Cookies und stellt Ihnen Informationen zur Verf\u00fcgung, damit Sie verstehen, welche Arten von Cookies wir verwenden und warum. Wir m\u00f6chten Ihnen Transparenz \u00fcber die Daten bieten, die verarbeitet werden, w\u00e4hrend Sie von Ihrem Ger\u00e4t aus auf unserer Website surfen.<\/p>\n\n\n\n<p>Diese Richtlinie wird regelm\u00e4\u00dfig auf ihre G\u00fcltigkeit \u00fcberpr\u00fcft und kann daher ge\u00e4ndert werden. Wir empfehlen Ihnen, diese Seite regelm\u00e4\u00dfig zu besuchen. Dort informieren wir Sie \u00fcber etwaige Aktualisierungen.<\/p>\n\n\n\n<p><strong>Wo kann ich weitere Informationen erhalten?<\/strong><\/p>\n\n\n\n<p>Wenn Sie weitere Informationen zur Cookie-Richtlinie ben\u00f6tigen, konsultieren Sie bitte das am 31. M\u00e4rz 2012 ver\u00f6ffentlichte Amtsblatt (f\u00fcr Spanien), das die Richtlinien zur elektronischen Kommunikation umsetzt. Die Richtlinie kann auch unter folgender Adresse eingesehen werden:<a href=\"https:\/\/ico.org.uk\/\" rel=\"noopener\"> B\u00fcro des Informationsbeauftragten<\/a> (auf Englisch).<\/p>\n\n\n\n<p>Dar\u00fcber hinaus k\u00f6nnen Sie auf einige Lehrvideos der spanischen Datenschutzbeh\u00f6rde zugreifen, in denen Schritt f\u00fcr Schritt erkl\u00e4rt wird, wie Sie die Datenschutzoptionen der g\u00e4ngigsten Browser, sozialen Netzwerke und mobilen Betriebssysteme konfigurieren.<a href=\"https:\/\/www.youtube.com\/user\/desdelaAEPD\" rel=\"noopener\"> AEPD-Videos<\/a>.<\/p>","protected":false},"excerpt":{"rendered":"<p>\u00bfQu\u00e9 son las cookies? Las cookies son peque\u00f1os archivos de datos que se reciben en el terminal desde el sitio web visitado y se usan para registrar ciertas interacciones de la navegaci\u00f3n en un sitio web almacenando datos que podr\u00e1n ser actualizados y recuperados. Estos archivos se almacenan en el ordenador del usuario y contienen [&hellip;]<\/p>\n","protected":false},"author":1,"featured_media":0,"parent":0,"menu_order":0,"comment_status":"closed","ping_status":"closed","template":"","meta":{"footnotes":""},"class_list":["post-87","page","type-page","status-publish","hentry"],"_links":{"self":[{"href":"https:\/\/energiagdg.com\/de\/wp-json\/wp\/v2\/pages\/87","targetHints":{"allow":["GET"]}}],"collection":[{"href":"https:\/\/energiagdg.com\/de\/wp-json\/wp\/v2\/pages"}],"about":[{"href":"https:\/\/energiagdg.com\/de\/wp-json\/wp\/v2\/types\/page"}],"author":[{"embeddable":true,"href":"https:\/\/energiagdg.com\/de\/wp-json\/wp\/v2\/users\/1"}],"replies":[{"embeddable":true,"href":"https:\/\/energiagdg.com\/de\/wp-json\/wp\/v2\/comments?post=87"}],"version-history":[{"count":2,"href":"https:\/\/energiagdg.com\/de\/wp-json\/wp\/v2\/pages\/87\/revisions"}],"predecessor-version":[{"id":461,"href":"https:\/\/energiagdg.com\/de\/wp-json\/wp\/v2\/pages\/87\/revisions\/461"}],"wp:attachment":[{"href":"https:\/\/energiagdg.com\/de\/wp-json\/wp\/v2\/media?parent=87"}],"curies":[{"name":"wp","href":"https:\/\/api.w.org\/{rel}","templated":true}]}}