{"id":85,"date":"2025-06-25T11:42:08","date_gmt":"2025-06-25T09:42:08","guid":{"rendered":"https:\/\/energiagdg.com\/?page_id=85"},"modified":"2025-07-03T14:59:12","modified_gmt":"2025-07-03T12:59:12","slug":"erklarung-zur-barrierefreiheit","status":"publish","type":"page","link":"https:\/\/energiagdg.com\/de\/declaracion-de-accesibilidad\/","title":{"rendered":"Erkl\u00e4rung zur Barrierefreiheit"},"content":{"rendered":"<p>Wir sind bestrebt, unsere Website gem\u00e4\u00df den <a href=\"https:\/\/www.boe.es\/buscar\/act.php?id=BOE-A-2018-12699\" rel=\"noopener\">K\u00f6nigliches Dekret 1112\/2018 vom 7. September<\/a>, \u00fcber die Zug\u00e4nglichkeit von Websites und Anwendungen f\u00fcr mobile Ger\u00e4te im \u00f6ffentlichen Sektor (im Folgenden \u201eK\u00f6nigliches Dekret 1112\/2018 vom 7. September\u201c).<\/p>\n\n\n\n<p><strong>Konformit\u00e4tsstatus<\/strong><\/p>\n\n\n\n<p>Diese Website ist <strong>teilweise konform<\/strong> mit dem K\u00f6niglichen Dekret 1112\/2018 vom 7. September aufgrund der mangelnden Einhaltung der unten angegebenen Aspekte.<\/p>\n\n\n\n<p><strong>Inhalt nicht zug\u00e4nglich<\/strong><\/p>\n\n\n\n<p>Der folgende Inhalt ist aus folgenden Gr\u00fcnden nicht barrierefrei:<\/p>\n\n\n\n<ol class=\"wp-block-list\">\n<li><strong>Unverh\u00e4ltnism\u00e4\u00dfige Belastung<\/strong>: : nicht zutreffend.<\/li>\n<\/ol>\n\n\n\n<p><strong>Erstellung dieser Erkl\u00e4rung zur Barrierefreiheit<\/strong><\/p>\n\n\n\n<p>Diese Erkl\u00e4rung wurde am 3. Juli 2025 erstellt.<\/p>\n\n\n\n<p>Die Methode zur Erstellung der Erkl\u00e4rung war eine von der Agentur selbst durchgef\u00fchrte Selbstbewertung.<\/p>\n\n\n\n<p><strong>Kommentare und Kontaktinformationen<\/strong><\/p>\n\n\n\n<p>Sie k\u00f6nnen Mitteilungen zu den Anforderungen an die Barrierefreiheit (Artikel 10.2.a) des K\u00f6niglichen Dekrets 1112\/2018 vom 7. September) machen, beispielsweise wie:<\/p>\n\n\n\n<ul class=\"wp-block-list\">\n<li>Melden Sie m\u00f6gliche Verst\u00f6\u00dfe dieser Website.<\/li>\n\n\n\n<li>\u00dcbermitteln Sie weitere Schwierigkeiten beim Zugriff auf die Inhalte.<\/li>\n\n\n\n<li>Stellen Sie weitere Fragen oder Verbesserungsvorschl\u00e4ge zur Barrierefreiheit der Website.<\/li>\n<\/ul>\n\n\n\n<p>\u00dcber die folgenden Kan\u00e4le:<\/p>\n\n\n\n<ul class=\"wp-block-list\">\n<li>E-Mail: info@energiagdg.com<\/li>\n\n\n\n<li>Telefon: +34607344488<\/li>\n<\/ul>\n\n\n\n<p>Die Mitteilungen werden von der Unternehmensleitung als f\u00fcr den Inhalt dieser Website verantwortliche Stelle entgegengenommen und bearbeitet.<\/p>\n\n\n\n<p><strong>Optionaler Inhalt<\/strong><\/p>\n\n\n\n<p>Die aktuell sichtbare Version dieser Website stammt aus dem Juli 2025 und die aktuelle \u00dcberpr\u00fcfung der Barrierefreiheit wurde an diesem Datum durchgef\u00fchrt.<\/p>\n\n\n\n<p>Ab diesem Datum werden t\u00e4glich Teil\u00fcberpr\u00fcfungen neuer oder ge\u00e4nderter Webinhalte (sowohl Vorlagen als auch endg\u00fcltig ver\u00f6ffentlichte Seiten und Dokumente) durchgef\u00fchrt, um die Einhaltung der Barrierefreiheitsanforderungen der Norm UNE-EN 301549:2019 unter Ber\u00fccksichtigung der Ausnahmen des K\u00f6niglichen Dekrets 1112\/2018 vom 7. September sicherzustellen.<\/p>\n\n\n\n<p>Um die Zug\u00e4nglichkeit zu erleichtern, werden unter anderem folgende Ma\u00dfnahmen ergriffen:<\/p>\n\n\n\n<ul class=\"wp-block-list\">\n<li>Verwenden von Alternativtext auf Bildern<\/li>\n\n\n\n<li>Links geben Details zur Funktion oder zum Ziel des Hyperlinks an<\/li>\n\n\n\n<li>Verwendung der W3C-Standards: XHTML 1.0, CSS 3.0, WAI AA.<\/li>\n<\/ul>","protected":false},"excerpt":{"rendered":"<p>Estamos comprometidos a hacer accesible nuestro sitio web de conformidad con el Real Decreto 1112\/2018, de 7 de septiembre, sobre accesibilidad de los sitios web y aplicaciones para dispositivos m\u00f3viles del sector p\u00fablico (en adelante, Real Decreto 1112\/2018, de 7 de septiembre). Situaci\u00f3n de cumplimiento Este sitio web es parcialmente conforme con el Real Decreto [&hellip;]<\/p>\n","protected":false},"author":1,"featured_media":0,"parent":0,"menu_order":0,"comment_status":"closed","ping_status":"closed","template":"","meta":{"footnotes":""},"class_list":["post-85","page","type-page","status-publish","hentry"],"_links":{"self":[{"href":"https:\/\/energiagdg.com\/de\/wp-json\/wp\/v2\/pages\/85","targetHints":{"allow":["GET"]}}],"collection":[{"href":"https:\/\/energiagdg.com\/de\/wp-json\/wp\/v2\/pages"}],"about":[{"href":"https:\/\/energiagdg.com\/de\/wp-json\/wp\/v2\/types\/page"}],"author":[{"embeddable":true,"href":"https:\/\/energiagdg.com\/de\/wp-json\/wp\/v2\/users\/1"}],"replies":[{"embeddable":true,"href":"https:\/\/energiagdg.com\/de\/wp-json\/wp\/v2\/comments?post=85"}],"version-history":[{"count":2,"href":"https:\/\/energiagdg.com\/de\/wp-json\/wp\/v2\/pages\/85\/revisions"}],"predecessor-version":[{"id":462,"href":"https:\/\/energiagdg.com\/de\/wp-json\/wp\/v2\/pages\/85\/revisions\/462"}],"wp:attachment":[{"href":"https:\/\/energiagdg.com\/de\/wp-json\/wp\/v2\/media?parent=85"}],"curies":[{"name":"wp","href":"https:\/\/api.w.org\/{rel}","templated":true}]}}