{"id":3,"date":"2025-05-15T15:16:33","date_gmt":"2025-05-15T15:16:33","guid":{"rendered":"http:\/\/energiagdg.com\/?page_id=3"},"modified":"2025-07-07T09:55:58","modified_gmt":"2025-07-07T07:55:58","slug":"datenschutzrichtlinie","status":"publish","type":"page","link":"https:\/\/energiagdg.com\/de\/politica-de-privacidad\/","title":{"rendered":"Datenschutzrichtlinie"},"content":{"rendered":"<p>Diese Datenschutzrichtlinie bildet zusammen mit den Teilnahmeregeln und dem Impressum den rechtlichen Rahmen, der die Nutzung der Website regelt. <strong>WWW.ENERGIAGDG.COM<\/strong>Diese Datenschutzrichtlinie regelt insbesondere die Nutzung und Verarbeitung Ihrer personenbezogenen Daten durch DAS UNTERNEHMEN als Nutzer der Website. Durch den Zugriff auf diese Website werden Sie zum Nutzer dieser Website (nachfolgend \u201eNutzer\u201c).<\/p>\n\n\n\n<p><strong>Diese Website geh\u00f6rt:<\/strong><\/p>\n\n\n\n<p>LUIGI DE GIORGI, mit Sitz in GRAN VIA MENORCA N\u00b043 CALVI\u00c1 07180 ES und CIF: X1568990E, im Folgenden das UNTERNEHMEN.<\/p>\n\n\n\n<p>Diese Datenschutzrichtlinie ist auf der Website in katalanischer Sprache verf\u00fcgbar und kann jederzeit eingesehen, gespeichert oder ausgedruckt werden. Sie kann sich im Laufe der Zeit aufgrund von \u00c4nderungen an der Website, Entwicklungen in der Gesetzgebung oder Rechtsprechung, neuen Kriterien der spanischen Datenschutzbeh\u00f6rde oder neuen europ\u00e4ischen Vorschriften, die zuk\u00fcnftige Anpassungen erfordern, \u00e4ndern. Daher beh\u00e4lt sich das UNTERNEHMEN das Recht vor, diese Datenschutzrichtlinie zu \u00e4ndern und empfiehlt Ihnen, sie bei jedem Zugriff auf die Website sorgf\u00e4ltig durchzulesen.<\/p>\n\n\n\n<p><strong>Vertraulichkeit<\/strong><strong><br><\/strong>Das Unternehmen verpflichtet sich, die Vertraulichkeit personenbezogener Daten zu wahren und diese vertraulich zu speichern. Es ergreift die notwendigen Ma\u00dfnahmen, um deren Ver\u00e4nderung, Verlust, unbefugte Verarbeitung oder Zugriff zu verhindern und ber\u00fccksichtigt dabei stets den aktuellen Stand der Technik.<\/p>\n\n\n\n<p><strong>Datensicherheit<\/strong><strong><br><\/strong>Das Unternehmen garantiert die Ergreifung geeigneter Ma\u00dfnahmen zur Gew\u00e4hrleistung der vertraulichen Behandlung dieser Daten. Daher hat es alle notwendigen technischen und organisatorischen Sicherheitsma\u00dfnahmen ergriffen, um die Integrit\u00e4t, Vertraulichkeit und Verf\u00fcgbarkeit der vom Benutzer bereitgestellten personenbezogenen Daten zu gew\u00e4hrleisten. Dies gilt insbesondere f\u00fcr die in der DSGVO (Datenschutz-Grundverordnung \u2013 EU 2016)\/679 vom 27. April festgelegten Ma\u00dfnahmen, die den Anwendungsbereich des Organgesetzes 15\/1999 vom 13. Dezember zum Schutz personenbezogener Daten (LOPD) und seiner Durchf\u00fchrungsverordnung RD 1720\/2007 erweitert haben.<\/p>\n\n\n\n<p><strong>Schutz personenbezogener Daten<\/strong><strong><br><\/strong>Freiwillig \u00fcbermittelte personenbezogene Daten werden gem\u00e4\u00df den geltenden Vorschriften vertraulich behandelt und in einer ordnungsgem\u00e4\u00df bei der Datenschutzbeh\u00f6rde registrierten Datei gespeichert, f\u00fcr die DAS UNTERNEHMEN verantwortlich ist. Zweck der Datei ist die Verwaltung von Benutzern und Abonnenten sowie der Online-Verkauf von Produkten und die Beantwortung von Anfragen.<\/p>\n\n\n\n<p>Rechtsgrundlage f\u00fcr die Datenverarbeitung ist die Einwilligung des Abonnenten. Wir verarbeiten die personenbezogenen Daten von Newsletter-Abonnenten ausschlie\u00dflich zum Versand unseres Newsletters. Die personenbezogenen Daten registrierter Benutzer und zahlender Abonnenten verarbeiten wir ausschlie\u00dflich zum Zweck der Verwaltung ihrer Beziehung zum UNTERNEHMEN, der Erhebung von Geb\u00fchren (falls zutreffend), der Organisation von Aktivit\u00e4ten und Kampagnen sowie des Versands informativer und kommerzieller Mitteilungen (auch elektronisch).<\/p>\n\n\n\n<p>Personenbezogene Daten werden nicht an Dritte weitergegeben (au\u00dfer aufgrund gesetzlicher Verpflichtung) und f\u00fcr einen Zeitraum von sechs (6) Jahren gem\u00e4\u00df den geltenden Rechnungslegungsvorschriften und gegebenenfalls f\u00fcr zehn (10) Jahre gem\u00e4\u00df den Vorschriften zur Verhinderung von Geldw\u00e4sche aufbewahrt.<\/p>\n\n\n\n<p>Nutzer haben das Recht auf Auskunft \u00fcber ihre personenbezogenen Daten und k\u00f6nnen die Berichtigung unrichtiger Daten oder gegebenenfalls deren L\u00f6schung verlangen, wenn die Daten f\u00fcr die Zwecke, f\u00fcr die sie erhoben wurden, nicht mehr erforderlich sind. Sie k\u00f6nnen au\u00dferdem die Einschr\u00e4nkung oder \u00dcbertragbarkeit ihrer Daten verlangen und unter bestimmten Umst\u00e4nden und aus Gr\u00fcnden, die mit ihrer besonderen Situation zusammenh\u00e4ngen, der Verarbeitung ihrer Daten widersprechen.<\/p>\n\n\n\n<p>Sie k\u00f6nnen Ihre Zustimmung zur Zusendung kommerzieller Mitteilungen widerrufen und die oben genannten Rechte aus\u00fcben, indem Sie eine E-Mail an folgende Adresse senden:<strong>&nbsp;INFO@ENERGIAGDG.COM<\/strong> oder indem Sie einen Brief per Post an die f\u00fcr die Datei verantwortliche Person am Sitz des Unternehmens senden, in beiden F\u00e4llen mit dem Betreff: \u201eDatenschutz\u201c, mittels eines unterschriebenen Dokuments und einer beigef\u00fcgten Kopie Ihres Personalausweises.<\/p>\n\n\n\n<p><strong>Informationen zu Cookies<\/strong><strong><br><\/strong>Die Website verwendet Cookies, um die Benutzernavigation zu erleichtern und das Surfen komfortabler zu gestalten.<\/p>\n\n\n\n<p>Ein Cookie ist eine Information, die von einem Webseitenserver an einen Browser gesendet wird und vom Browser bei sp\u00e4teren Besuchen des Servers wieder aufgerufen werden kann. Cookies sind dem anonymen Benutzer und seinem Computer zugeordnet und geben nicht automatisch dessen Vor- oder Nachnamen an.<\/p>\n\n\n\n<p>Diese Website verwendet Google-Cookies zur Schaltung von Anzeigen basierend auf fr\u00fcheren Besuchen dieser Website oder auf anderen Websites, auf denen ebenfalls Google-Anzeigen geschaltet werden. Nutzer k\u00f6nnen das Tracking durch Werbe-Cookies deaktivieren, indem sie folgende Seite besuchen:<a href=\"https:\/\/www.google.com\/settings\/ads\" rel=\"noopener\"> https:\/\/www.google.com\/settings\/ads<\/a><\/p>\n\n\n\n<p><strong>Arten von Cookies<\/strong><strong><br><\/strong>Registrierungs-Cookies: Zur Identifizierung des angemeldeten Benutzers.<br>Werbe-Cookies: Um Werbeinhalte anbieten zu k\u00f6nnen, die auf die Interessen des Benutzers abgestimmt sind, entweder direkt oder \u00fcber Dritte, sogenannte Adserver<br>Analytische Cookies: Um Informationen zur Publikumsmessung zu erhalten.<br>Geolokalisierungs-Cookies: Diese liefern Informationen zum geografischen Standort des Benutzers.<br>Der Nutzer kann seinen Browser so konfigurieren, dass er \u00fcber den Empfang von Cookies informiert wird und deren Installation auf Wunsch verhindert. F\u00fcr den Zugriff auf die Website ist die Installation von Cookies jedoch nicht zwingend erforderlich.<\/p>\n\n\n\n<p>Abh\u00e4ngig vom verwendeten Browsertyp kann der Benutzer die Verwendung von Cookies in folgenden Bereichen deaktivieren:<\/p>\n\n\n\n<p>Chrome: Einstellungen &gt; Erweiterte Einstellungen &gt; Datenschutz und Sicherheit &gt; Inhaltseinstellungen<br>Firefox: Optionen &gt; Datenschutz &amp; Sicherheit<br>Edge: Einstellungen &gt; Erweiterte Einstellungen &gt; Datenschutz und Dienste<br>Safari: Einstellungen &gt; Datenschutz<\/p>\n\n\n\n<p><strong>LSSICE<\/strong><strong><br><\/strong>Wir informieren Sie au\u00dferdem dar\u00fcber, dass wir diese Daten nicht verwenden, um kommerzielle Mitteilungen per E-Mail zu versenden, die nicht von der betroffenen Partei angefordert oder ausdr\u00fccklich autorisiert wurden, wie in den LSSICE festgelegt.<\/p>\n\n\n\n<p><strong>Kommunikation<\/strong><strong><br><\/strong>F\u00fcr Mitteilungen zu diesem Vertrag bezeichnet das UNTERNEHMEN ausdr\u00fccklich die in diesem Text angegebene Adresse als seine Adresse, und der Nutzer bezeichnet ausdr\u00fccklich die im Antragsformular angegebene Adresse als seine Adresse. Um den Vertrag abzuschlie\u00dfen, ist der Nutzer verpflichtet, die f\u00fcr die Kommunikation mit dem UNTERNEHMEN angegebene E-Mail-Adresse betriebsbereit, aktiv und aktuell zu halten, da dies das bevorzugte (aber nicht das einzige) Kommunikationsmittel ist. Der Nutzer verpflichtet sich grunds\u00e4tzlich, seine pers\u00f6nlichen Daten und Kontaktdaten stets aktuell zu halten und \u00c4nderungen zuverl\u00e4ssig mitzuteilen. Andernfalls gelten Mitteilungen an die im Formular angegebene Adresse als g\u00fcltig.<\/p>\n\n\n\n<p><strong>Nichtigkeit und Unwirksamkeit der Klauseln<\/strong><strong><br><\/strong>Sollte eine Klausel dieser Datenschutzrichtlinie zusammen mit der Datenschutzrichtlinie und der Cookie-Richtlinie ganz oder teilweise f\u00fcr nichtig oder unwirksam erkl\u00e4rt werden, so hat dies nur Auswirkungen auf die nichtige oder unwirksame Bestimmung oder den Teil davon. Die \u00fcbrigen Allgemeinen Gesch\u00e4ftsbedingungen bleiben in Kraft und die betroffene Bestimmung oder der betroffene Teil davon gilt als nicht einbezogen, es sei denn, sie ist f\u00fcr diese Allgemeinen Gesch\u00e4ftsbedingungen von wesentlicher Bedeutung und hat Auswirkungen auf diese in ihrer Gesamtheit.<\/p>\n\n\n\n<p><strong>Geltendes Recht und Gerichtsstand<\/strong><strong><br><\/strong>F\u00fcr die Beilegung aller Streitigkeiten oder Fragen im Zusammenhang mit dieser Website oder den darauf durchgef\u00fchrten Aktivit\u00e4ten gilt in allen F\u00e4llen spanisches Recht, dem sich die Parteien ausdr\u00fccklich unterwerfen. Die blo\u00dfe Nutzung der Dienste dieser Website setzt die ausdr\u00fcckliche Anerkennung der spanischen Gerichtsbarkeit voraus.<\/p>\n\n\n\n<p>Ebenso und mit Ausnahme der im folgenden Absatz dargelegten Bestimmungen vereinbaren die beteiligten Parteien, dass s\u00e4mtliche Streitigkeiten, Meinungsverschiedenheiten, Fragen oder Anspr\u00fcche, die sich aus der Ausf\u00fchrung oder Auslegung dieser oder damit verbundener Bedingungen oder aus anderen Texten, die auf der Website vorhanden sein k\u00f6nnen, ergeben, endg\u00fcltig durch die Unterwerfung unter die Gerichte von Barcelona beigelegt werden, unter ausdr\u00fccklichem Verzicht auf jegliche andere Gerichtsbarkeit oder Gerichtsstandsabgrenzung, die zust\u00e4ndig sein k\u00f6nnte.<\/p>\n\n\n\n<p>Der vorstehende Absatz gilt nicht, wenn eine der Parteien ein Verbraucher oder Benutzer im Sinne der Verbraucher- und Benutzerschutzbestimmungen (K\u00f6nigliches Gesetzesdekret 1\/2007 vom 16. November zur Genehmigung des \u00fcberarbeiteten Textes des Allgemeinen Gesetzes zum Schutz von Verbrauchern und Benutzern und anderer erg\u00e4nzender Gesetze) ist. In diesem Fall (und f\u00fcr einen damit verbundenen Streitfall, der unter das Gesetz f\u00e4llt) gilt vorrangig die in dieser Gesetzgebung festgelegte Position.<\/p>","protected":false},"excerpt":{"rendered":"<p>La presente Pol\u00edtica de Privacidad constituye junto con las Normas de participaci\u00f3n y el aviso legal el marco jur\u00eddico que regula el uso del sitio web WWW.ENERGIAGDG.COM. La presente Pol\u00edtica de Privacidad en concreto regula el uso y tratamiento que LA EMPRESA da a sus datos de car\u00e1cter personal como usuario del Sitio web, ya [&hellip;]<\/p>\n","protected":false},"author":1,"featured_media":0,"parent":0,"menu_order":0,"comment_status":"closed","ping_status":"closed","template":"","meta":{"footnotes":""},"class_list":["post-3","page","type-page","status-publish","hentry"],"_links":{"self":[{"href":"https:\/\/energiagdg.com\/de\/wp-json\/wp\/v2\/pages\/3","targetHints":{"allow":["GET"]}}],"collection":[{"href":"https:\/\/energiagdg.com\/de\/wp-json\/wp\/v2\/pages"}],"about":[{"href":"https:\/\/energiagdg.com\/de\/wp-json\/wp\/v2\/types\/page"}],"author":[{"embeddable":true,"href":"https:\/\/energiagdg.com\/de\/wp-json\/wp\/v2\/users\/1"}],"replies":[{"embeddable":true,"href":"https:\/\/energiagdg.com\/de\/wp-json\/wp\/v2\/comments?post=3"}],"version-history":[{"count":4,"href":"https:\/\/energiagdg.com\/de\/wp-json\/wp\/v2\/pages\/3\/revisions"}],"predecessor-version":[{"id":706,"href":"https:\/\/energiagdg.com\/de\/wp-json\/wp\/v2\/pages\/3\/revisions\/706"}],"wp:attachment":[{"href":"https:\/\/energiagdg.com\/de\/wp-json\/wp\/v2\/media?parent=3"}],"curies":[{"name":"wp","href":"https:\/\/api.w.org\/{rel}","templated":true}]}}