{"id":12,"date":"2025-06-25T11:41:29","date_gmt":"2025-06-25T09:41:29","guid":{"rendered":"https:\/\/energiagdg.com\/?page_id=12"},"modified":"2025-07-07T09:56:17","modified_gmt":"2025-07-07T07:56:17","slug":"impressum","status":"publish","type":"page","link":"https:\/\/energiagdg.com\/de\/aviso-legal\/","title":{"rendered":"Rechtliche Hinweise"},"content":{"rendered":"<p><strong>IDENTIT\u00c4T DES WEBSITE-EIGENT\u00dcMERS<\/strong><\/p>\n\n\n\n<p><strong>Handelsname:&nbsp;<\/strong>GDG ENERGIE<\/p>\n\n\n\n<p><strong>Name der Firma: <\/strong>LUIGI DE GIORGI (nachfolgend \u201eEIGENT\u00dcMER DER WEBSITE\u201c)<\/p>\n\n\n\n<p><strong>NIF:&nbsp;<\/strong>X1568990E<\/p>\n\n\n\n<p><strong>Adresse:<\/strong> GRAN VIA MENORCA N\u00b043 CALVI\u00c1 07180 ES<\/p>\n\n\n\n<p><strong>Telefon:<\/strong> +34607344488<\/p>\n\n\n\n<p><strong>E-Mail:<\/strong> INFO@ENERGIGDG.COM<\/p>\n\n\n\n<p><strong>RECHTLICHE BEDINGUNGEN<\/strong><\/p>\n\n\n\n<p>Durch die Nutzung dieser Website wird der Benutzer zum Site-Benutzer, was die Annahme dieser Bedingungen in der zum Zeitpunkt der Zugriffsberechtigung ver\u00f6ffentlichten Fassung voraussetzt. DER INHABER DER WEBSITE empfiehlt dem Benutzer daher, diese Bedingungen bei jedem Zugriff auf die Website sorgf\u00e4ltig zu lesen. Der Zugriff auf bestimmte Inhalte dieser Website kann bestimmten besonderen Bedingungen unterliegen, die je nach Fall diese Allgemeinen Gesch\u00e4ftsbedingungen ersetzen, erg\u00e4nzen und\/oder \u00e4ndern. Daher muss der Benutzer vor dem Zugriff auf und\/oder der Nutzung dieser Inhalte auch die entsprechenden besonderen Bedingungen sorgf\u00e4ltig lesen. DER INHABER DER WEBSITE kann das Design, die Pr\u00e4sentation und\/oder die Konfiguration der Website sowie einige oder alle Inhalte jederzeit und ohne vorherige Ank\u00fcndigung \u00e4ndern und die f\u00fcr ihre Nutzung erforderlichen Allgemeinen Gesch\u00e4ftsbedingungen und\/oder besonderen Bedingungen \u00e4ndern.<\/p>\n\n\n\n<p><strong>VERANTWORTUNG UND GARANTIE DES WEBSITE-EIGENT\u00dcMERS<\/strong><\/p>\n\n\n\n<p><strong>ZUGANG<\/strong><\/p>\n\n\n\n<p>Der Zugriff auf die Website ist grunds\u00e4tzlich frei und kostenlos. Der Betreiber beh\u00e4lt sich jedoch das Recht vor, den Zugang zu bestimmten Bereichen der Website gem\u00e4\u00df den geltenden Gesetzen einzuschr\u00e4nken. In diesen F\u00e4llen ist eine Registrierung durch Angabe aller erforderlichen, aktuellen und korrekten Informationen (siehe Datenschutzerkl\u00e4rung) Voraussetzung f\u00fcr den Zugriff auf den Dienst. Das Passwort ist pers\u00f6nlich und nicht \u00fcbertragbar; seine Weitergabe an Dritte, auch vor\u00fcbergehend, ist untersagt. Der Nutzer verpflichtet sich in diesem Zusammenhang zur Sorgfaltspflicht und zur Wahrung der Vertraulichkeit und \u00fcbernimmt die volle Verantwortung f\u00fcr die Folgen der Weitergabe an Dritte.<\/p>\n\n\n\n<p><strong>INHALT<\/strong><\/p>\n\n\n\n<p>Der Inhaber der Website beh\u00e4lt sich das Recht vor, den Zugriff auf seine Website sowie die Bereitstellung einzelner oder aller Inhalte jederzeit und ohne Vorank\u00fcndigung aus technischen, Sicherheits-, Kontroll-, Wartungsgr\u00fcnden, aufgrund von Stromausf\u00e4llen oder aus anderen Gr\u00fcnden zu unterbrechen. Diese Unterbrechung kann vor\u00fcbergehend oder dauerhaft sein. In diesem Fall werden die Nutzer dar\u00fcber informiert und k\u00f6nnen gegebenenfalls die in den verschiedenen Diensten gespeicherten Informationen verlieren. Der Inhaber der Website \u00fcbernimmt daher keine Gew\u00e4hr f\u00fcr die Zuverl\u00e4ssigkeit, Verf\u00fcgbarkeit oder Kontinuit\u00e4t seiner Website oder ihrer Inhalte, weder der eigenen noch der anderer Websites, auf die \u00fcber Links zugegriffen werden kann. Die Nutzung dieser Inhalte durch den Nutzer erfolgt daher auf eigenes Risiko, und der Nutzer kann diesbez\u00fcglich zu keinem Zeitpunkt haftbar gemacht werden. Der Inhaber der Website haftet nicht f\u00fcr Sch\u00e4den, Verluste, Anspr\u00fcche oder Kosten jeglicher Art, die sich aus Informationen ergeben, die \u00fcber die Website abgerufen oder abgerufen werden, Computerviren, Betriebsst\u00f6rungen, Dienst- oder \u00dcbertragungsunterbrechungen oder Leitungsausf\u00e4llen. Es ist Ihnen untersagt, \u00fcber die Website illegale oder unzul\u00e4ssige Inhalte, Computerviren oder Nachrichten zu \u00fcbertragen oder zu senden, die im Allgemeinen die Rechte des WEBSITE-EIGENT\u00dcMERS oder Dritter beeintr\u00e4chtigen oder verletzen.<\/p>\n\n\n\n<p><strong>GEWERBLICHES UND GEISTIGES EIGENTUM<\/strong><\/p>\n\n\n\n<p>Diese Website ist Eigentum des Inhabers der Website. Sofern nicht anders angegeben, liegen die Rechte am geistigen Eigentum sowie die Verwertungs- und Vervielf\u00e4ltigungsrechte an dieser Website, ihren Seiten, Bildschirmen, den darin enthaltenen Informationen, ihrem Erscheinungsbild und Design sowie den von ihr zu anderen Seiten f\u00fchrenden Links ausschlie\u00dflich bei diesem. Alle auf dieser Seite verwendeten Namen, Designs und\/oder Logos sind ordnungsgem\u00e4\u00df eingetragene Marken. Jede unbefugte Verwendung durch Dritte kann strafrechtlich verfolgt werden. Rechte am geistigen Eigentum und Marken Dritter sind entsprechend gekennzeichnet und von allen Nutzern der Website zu respektieren. Das Herunterladen, Kopieren oder Ausdrucken von Inhalten dieser Website ist ausschlie\u00dflich f\u00fcr den pers\u00f6nlichen und privaten Gebrauch gestattet. Die Vervielf\u00e4ltigung, \u00dcbermittlung, \u00c4nderung oder L\u00f6schung von Informationen, Inhalten oder Hinweisen dieser Website ist ohne vorherige schriftliche Genehmigung des Inhabers der Website untersagt.<\/p>\n\n\n\n<p><strong>ANWENDBARES RECHT<\/strong><\/p>\n\n\n\n<p>Diese Allgemeinen Gesch\u00e4ftsbedingungen unterliegen spanischem Recht.<\/p>\n\n\n\n<p><strong>DATENSCHUTZRICHTLINIE<\/strong><\/p>\n\n\n\n<p>Gem\u00e4\u00df den geltenden Vorschriften zum Schutz personenbezogener Daten informiert Sie der Inhaber der Website dar\u00fcber, dass alle personenbezogenen Daten, die Sie beim Besuch unserer Website angeben, ausschlie\u00dflich zur Bearbeitung Ihrer Anfrage in ein Datenverarbeitungssystem unter der Verantwortung des Inhabers der Website aufgenommen werden. Nur mit ausdr\u00fccklicher Zustimmung des Nutzers sendet Ihnen der Inhaber der Website technische, betriebliche und kommerzielle Informationen \u00fcber Produkte, Dienstleistungen, Angebote und Neuigkeiten, die f\u00fcr Sie von Interesse sein k\u00f6nnten, auf jeglichem Wege, einschlie\u00dflich E-Mail und\/oder auf vergleichbarem Wege. Der Inhaber der Website verpflichtet sich, die Vertraulichkeit personenbezogener Daten und deren Aufbewahrung zu wahren und die notwendigen Ma\u00dfnahmen zu ergreifen, um deren Ver\u00e4nderung, Verlust, Verarbeitung oder unbefugten Zugriff zu verhindern. Dabei wird stets der aktuelle Stand der Technik ber\u00fccksichtigt und die technischen und organisatorischen Sicherheitsma\u00dfnahmen eingehalten. Schlie\u00dflich informieren wir Sie \u00fcber die M\u00f6glichkeit, Ihre Rechte auf Auskunft, Berichtigung, L\u00f6schung und Widerspruch auszu\u00fcben, indem Sie ein an den Systemadministrator gerichtetes Formular ausf\u00fcllen.<\/p>","protected":false},"excerpt":{"rendered":"<p>IDENTIDAD DEL TITULAR DEL SITIO WEB Nombre comercial:&nbsp;ENERGIA GDG Denominaci\u00f3n social: LUIGI DE GIORGI (desde ahora EL TITULAR DEL WEB) NIF:&nbsp;X1568990E Direcci\u00f3n: GRAN VIA MENORCA N\u00b043 CALVI\u00c1 07180 ES Tel\u00e9fono: +34607344488 eMail: INFO@ENERGIGDG.COM T\u00c9RMINOS LEGALES Y CONDICIONES La utilizaci\u00f3n de este sitio web atribuye al navegante la condici\u00f3n de usuario del sitio, lo que implica [&hellip;]<\/p>\n","protected":false},"author":1,"featured_media":0,"parent":0,"menu_order":0,"comment_status":"closed","ping_status":"closed","template":"","meta":{"footnotes":""},"class_list":["post-12","page","type-page","status-publish","hentry"],"_links":{"self":[{"href":"https:\/\/energiagdg.com\/de\/wp-json\/wp\/v2\/pages\/12","targetHints":{"allow":["GET"]}}],"collection":[{"href":"https:\/\/energiagdg.com\/de\/wp-json\/wp\/v2\/pages"}],"about":[{"href":"https:\/\/energiagdg.com\/de\/wp-json\/wp\/v2\/types\/page"}],"author":[{"embeddable":true,"href":"https:\/\/energiagdg.com\/de\/wp-json\/wp\/v2\/users\/1"}],"replies":[{"embeddable":true,"href":"https:\/\/energiagdg.com\/de\/wp-json\/wp\/v2\/comments?post=12"}],"version-history":[{"count":6,"href":"https:\/\/energiagdg.com\/de\/wp-json\/wp\/v2\/pages\/12\/revisions"}],"predecessor-version":[{"id":704,"href":"https:\/\/energiagdg.com\/de\/wp-json\/wp\/v2\/pages\/12\/revisions\/704"}],"wp:attachment":[{"href":"https:\/\/energiagdg.com\/de\/wp-json\/wp\/v2\/media?parent=12"}],"curies":[{"name":"wp","href":"https:\/\/api.w.org\/{rel}","templated":true}]}}