{"id":85,"date":"2025-06-25T11:42:08","date_gmt":"2025-06-25T09:42:08","guid":{"rendered":"https:\/\/energiagdg.com\/?page_id=85"},"modified":"2025-07-03T14:59:12","modified_gmt":"2025-07-03T12:59:12","slug":"declaracio-daccessibilitat","status":"publish","type":"page","link":"https:\/\/energiagdg.com\/ca\/declaracion-de-accesibilidad\/","title":{"rendered":"Declaraci\u00f3 d&#039;accessibilitat"},"content":{"rendered":"<p>Estem compromesos a fer accessible el nostre lloc web de conformitat amb el <a href=\"https:\/\/www.boe.es\/buscar\/act.php?id=BOE-A-2018-12699\" rel=\"noopener\">Reial Decret 1112\/2018, de 7 de setembre<\/a>, sobre accessibilitat dels llocs web i aplicacions per a dispositius m\u00f2bils del sector p\u00fablic (d&#039;ara endavant, Reial Decret 1112\/2018, de 7 de setembre).<\/p>\n\n\n\n<p><strong>Situaci\u00f3 de compliment<\/strong><\/p>\n\n\n\n<p>Aquest lloc web \u00e9s <strong>parcialment conforme<\/strong> amb el Reial decret 1112\/2018, de 7 de setembre, a causa de la manca de conformitat dels aspectes que s&#039;indiquen a continuaci\u00f3.<\/p>\n\n\n\n<p><strong>Contingut no accessible<\/strong><\/p>\n\n\n\n<p>El contingut que es recull a continuaci\u00f3 no \u00e9s accessible pel seg\u00fcent:<\/p>\n\n\n\n<ol class=\"wp-block-list\">\n<li><strong>C\u00e0rrega desproporcionada<\/strong>: no aplica.<\/li>\n<\/ol>\n\n\n\n<p><strong>Preparaci\u00f3 d&#039;aquesta declaraci\u00f3 d&#039;accessibilitat<\/strong><\/p>\n\n\n\n<p>Aquesta declaraci\u00f3 va ser preparada el 03 de juliol de 2025.<\/p>\n\n\n\n<p>El m\u00e8tode emprat per preparar la declaraci\u00f3 ha estat una autoavaluaci\u00f3 duta a terme pel mateix organisme.<\/p>\n\n\n\n<p><strong>Observacions i dades de contacte<\/strong><\/p>\n\n\n\n<p>Podeu realitzar comunicacions sobre requisits d&#039;accessibilitat (article 10.2.a) del Reial Decret 1112\/2018, de 7 de setembre) com, per exemple:<\/p>\n\n\n\n<ul class=\"wp-block-list\">\n<li>Informar sobre qualsevol possible incompliment per part daquest lloc web.<\/li>\n\n\n\n<li>Transmetre altres dificultats dacc\u00e9s al contingut.<\/li>\n\n\n\n<li>Formular qualsevol altra consulta o suggeriment de millora relativa a laccessibilitat del lloc web.<\/li>\n<\/ul>\n\n\n\n<p>A trav\u00e9s de les vies seg\u00fcents:<\/p>\n\n\n\n<ul class=\"wp-block-list\">\n<li>Correu electr\u00f2nic: info@energiagdg.com<\/li>\n\n\n\n<li>Tel\u00e8fon: +34607344488<\/li>\n<\/ul>\n\n\n\n<p>Les comunicacions seran rebudes i tractades per l&#039;adre\u00e7a de l&#039;empresa com a unitat responsable dels continguts d&#039;aquest lloc web.<\/p>\n\n\n\n<p><strong>Contingut opcional<\/strong><\/p>\n\n\n\n<p>La versi\u00f3 actualment visible d&#039;aquest lloc web \u00e9s del juliol del 2025 i en aquesta data es va fer la revisi\u00f3 del nivell d&#039;accessibilitat vigent al moment.<\/p>\n\n\n\n<p>A partir de la data esmentada es duen a terme revisions parcials di\u00e0ries del contingut web nou o modificat, tant de les plantilles com de les p\u00e0gines i documents finals publicats, a fi d&#039;assegurar el compliment dels requeriments d&#039;accessibilitat de la Norma UNE-EN 301549:2019, considerant les excepcions del Reial decret 1112\/7 de setembre.<\/p>\n\n\n\n<p>Entre altres, s&#039;adopten les mesures seg\u00fcents per facilitar l&#039;accessibilitat:<\/p>\n\n\n\n<ul class=\"wp-block-list\">\n<li>Utilitzaci\u00f3 de text alternatiu a les imatges<\/li>\n\n\n\n<li>Els enlla\u00e7os ofereixen detalls de la funci\u00f3 o destinaci\u00f3 de l&#039;hiperenlla\u00e7<\/li>\n\n\n\n<li>\u00das dels est\u00e0ndards del W3C: XHTML 1.0, CSS 3.0, WAI AA.<\/li>\n<\/ul>","protected":false},"excerpt":{"rendered":"<p>Estamos comprometidos a hacer accesible nuestro sitio web de conformidad con el Real Decreto 1112\/2018, de 7 de septiembre, sobre accesibilidad de los sitios web y aplicaciones para dispositivos m\u00f3viles del sector p\u00fablico (en adelante, Real Decreto 1112\/2018, de 7 de septiembre). Situaci\u00f3n de cumplimiento Este sitio web es parcialmente conforme con el Real Decreto [&hellip;]<\/p>\n","protected":false},"author":1,"featured_media":0,"parent":0,"menu_order":0,"comment_status":"closed","ping_status":"closed","template":"","meta":{"footnotes":""},"class_list":["post-85","page","type-page","status-publish","hentry"],"_links":{"self":[{"href":"https:\/\/energiagdg.com\/ca\/wp-json\/wp\/v2\/pages\/85","targetHints":{"allow":["GET"]}}],"collection":[{"href":"https:\/\/energiagdg.com\/ca\/wp-json\/wp\/v2\/pages"}],"about":[{"href":"https:\/\/energiagdg.com\/ca\/wp-json\/wp\/v2\/types\/page"}],"author":[{"embeddable":true,"href":"https:\/\/energiagdg.com\/ca\/wp-json\/wp\/v2\/users\/1"}],"replies":[{"embeddable":true,"href":"https:\/\/energiagdg.com\/ca\/wp-json\/wp\/v2\/comments?post=85"}],"version-history":[{"count":2,"href":"https:\/\/energiagdg.com\/ca\/wp-json\/wp\/v2\/pages\/85\/revisions"}],"predecessor-version":[{"id":462,"href":"https:\/\/energiagdg.com\/ca\/wp-json\/wp\/v2\/pages\/85\/revisions\/462"}],"wp:attachment":[{"href":"https:\/\/energiagdg.com\/ca\/wp-json\/wp\/v2\/media?parent=85"}],"curies":[{"name":"wp","href":"https:\/\/api.w.org\/{rel}","templated":true}]}}